{"id":855,"date":"2021-07-06T12:24:44","date_gmt":"2021-07-06T10:24:44","guid":{"rendered":"https:\/\/foreldreutvalgene.no\/fug\/?page_id=855"},"modified":"2025-04-25T10:03:16","modified_gmt":"2025-04-25T08:03:16","slug":"ansatte","status":"publish","type":"page","link":"https:\/\/foreldreutvalgene.no\/fug\/ansatte\/","title":{"rendered":"Ansatte"},"content":{"rendered":"\n<div style=\"height:34px\" aria-hidden=\"true\" class=\"wp-block-spacer\"><\/div>\n\n\n\n<div class=\"wp-block-columns has-skin-color has-text-color is-layout-flex wp-container-core-columns-is-layout-9d6595d7 wp-block-columns-is-layout-flex\">\n<div class=\"wp-block-column is-layout-flow wp-block-column-is-layout-flow\">\n<h1 class=\"wp-block-heading has-blue-color has-text-color\" id=\"h-sekretariatet-til-fug\">Sekretariatet til FUG<\/h1>\n\n\n\n<p class=\"has-black-color has-text-color has-large-font-size\">Administrasjonen til FUG har ansvaret for den daglege drifta av FUG og arbeider med \u00e5 rettleie og \u00e5 gi r\u00e5d til foreldre og skolar.<\/p>\n\n\n\n<p class=\"has-black-color has-text-color\">Administrasjonen til FUG held til i B\u00f8 i Telemark og best\u00e5r av kompetente r\u00e5dgivarar med brei erfaring og praksis fr\u00e5 ulike skoler og med skole-heim samarbeid. Det er r\u00e5dgivarane som svarar p\u00e5 f\u00f8respurnadar fr\u00e5 foreldre.<\/p>\n\n\n\n<p class=\"has-black-color has-text-color\">Administrasjonen til FUG er underlagd Kunnskapsdepartementet, og flyttet i 2019 til B\u00f8 i Telemark etter mange \u00e5r i Oslo.<\/p>\n\n\n\n<p class=\"has-blue-color has-text-color\"><a href=\"https:\/\/foreldreutvalgene.no\/fug\/kontakt-oss\/\" data-type=\"page\" data-id=\"736\">Kontakt oss<\/a><\/p>\n<\/div>\n\n\n\n<div class=\"wp-block-column is-layout-flow wp-block-column-is-layout-flow\"><\/div>\n<\/div>\n\n\n\n<section id=\"employees-block_29851b38133fe04f68999d19762cd939\" class=\"byggemodul employees\">\n  <!-- CONTENT HERE -->\n\n      <header class=\"sp-header-section\">\n      <div class=\"sp-header-section-container\">\n\t\t\t\t<div class=\"sp-header-section-bg\"><\/div>\n        <div class=\"inner-wrap\">\n          <div class=\"sp-header-section-content\">\n            <h3 class=\"sp-section-title\" class=\"sp-section-title\" id=\"ansatte\">Ansatte<\/h3>\n\n                          <p>Dette er administrasjonen til Foreldreutvalget for grunnoppl\u00e6ringen (FUG)<\/p>\n            \n                      <\/div>\n        <\/div>\n      <\/div>\n    <\/header>\n  \n  \n    <div class=\"sp-employee-container\">\n\n              <article class=\"sp-employee fake-article\"><\/article>\n      \n      \n        <article class=\"sp-employee\">\n          <div class=\"sp-employee-image\" style=\"background-image: url(https:\/\/foreldreutvalgene.no\/fug\/wp-content\/uploads\/sites\/3\/2021\/07\/fug-fub-ansatt-portrett-marianne-v1-620x547.jpg);\"><\/div>\n\n          <h3 id=\"marianne-dahlseng\">Marianne Dahlseng<\/h3>\n\n          <p class=\"sp-employee-description\">\n                          <span class=\"employee-title\">kontorleiar<\/span>\n            \n            \n                      <\/p>\n\n          \n          \n                  <\/article>\n\n        \n        <article class=\"sp-employee\">\n          <div class=\"sp-employee-image\" style=\"background-image: url(https:\/\/foreldreutvalgene.no\/fug\/wp-content\/uploads\/sites\/3\/2021\/07\/fug-ansatt-portrett-anette-v1-620x547.jpg);\"><\/div>\n\n          <h3 id=\"anette-nagelhus\">Anette Nagelhus<\/h3>\n\n          <p class=\"sp-employee-description\">\n                          <span class=\"employee-title\">seniorr\u00e5dgivar skole<\/span>\n            \n            \n                      <\/p>\n\n          \n          \n                  <\/article>\n\n        \n        <article class=\"sp-employee\">\n          <div class=\"sp-employee-image\" style=\"background-image: url(https:\/\/foreldreutvalgene.no\/fug\/wp-content\/uploads\/sites\/3\/2021\/07\/fug-fub-ansatt-portrett-joern-v1-620x547.jpg);\"><\/div>\n\n          <h3 id=\"jorn-aabo\">J\u00f8rn Aab\u00f8<\/h3>\n\n          <p class=\"sp-employee-description\">\n                          <span class=\"employee-title\">seniorkonsulent<\/span>\n            \n            \n                      <\/p>\n\n          \n          \n                  <\/article>\n\n        \n        <article class=\"sp-employee\">\n          <div class=\"sp-employee-image\" style=\"background-image: url(https:\/\/foreldreutvalgene.no\/fug\/wp-content\/uploads\/sites\/3\/2021\/07\/fug-fub-ansatt-portrett-bjoernar-v1-620x547.jpg);\"><\/div>\n\n          <h3 id=\"bjornar-hagen-vika\">Bj\u00f8rnar Hagen Vika<\/h3>\n\n          <p class=\"sp-employee-description\">\n                          <span class=\"employee-title\">senior kommunikasjonsr\u00e5dgivar<\/span>\n            \n            \n                      <\/p>\n\n                      <p class=\"sp-employee-phone\">415 04 271<\/p>\n          \n          \n                  <\/article>\n\n        \n        <article class=\"sp-employee\">\n          <div class=\"sp-employee-image\" style=\"background-image: url(https:\/\/foreldreutvalgene.no\/fug\/wp-content\/uploads\/sites\/3\/2024\/08\/Silje-Sturod-Dale-1-620x547.jpg);\"><\/div>\n\n          <h3 id=\"silje-sturod-dale\">Silje Stur\u00f8d Dale<\/h3>\n\n          <p class=\"sp-employee-description\">\n                          <span class=\"employee-title\">seniorr\u00e5dgivar skole<\/span>\n            \n            \n                      <\/p>\n\n          \n          \n                  <\/article>\n\n        \n        <article class=\"sp-employee\">\n          <div class=\"sp-employee-image\" style=\"background-image: url(https:\/\/foreldreutvalgene.no\/fug\/wp-content\/uploads\/sites\/3\/2024\/08\/Eilef-Bergan-Hansen-2-620x547.jpg);\"><\/div>\n\n          <h3 id=\"eilef-bergan-hansen\">Eilef Bergan Hansen<\/h3>\n\n          <p class=\"sp-employee-description\">\n                          <span class=\"employee-title\">seniorr\u00e5dgivar skole<\/span>\n            \n            \n                      <\/p>\n\n          \n          \n                  <\/article>\n\n        \n    <\/div>\n\n    <\/section>\n","protected":false},"excerpt":{"rendered":"<p>Sekretariatet til FUG Administrasjonen til FUG har ansvaret for den daglege drifta av FUG og arbeider med \u00e5 rettleie og \u00e5 gi r\u00e5d til foreldre og skolar. Administrasjonen til FUG held til i B\u00f8 i Telemark og best\u00e5r av kompetente r\u00e5dgivarar med brei erfaring og praksis fr\u00e5 ulike skoler og med skole-heim samarbeid. Det er [&hellip;]<\/p>\n","protected":false},"author":3,"featured_media":0,"parent":0,"menu_order":0,"comment_status":"closed","ping_status":"closed","template":"","meta":{"_acf_changed":false,"footnotes":""},"class_list":["post-855","page","type-page","status-publish","hentry"],"acf":[],"yoast_head":"<!-- This site is optimized with the Yoast SEO Premium plugin v27.4 (Yoast SEO v27.4) - https:\/\/yoast.com\/product\/yoast-seo-premium-wordpress\/ -->\n<title>Ansatte - Foreldreutvalget for grunnoppl\u00e6ringen<\/title>\n<meta name=\"description\" content=\"Administrasjonen til FUG har ansvaret for den daglege drifta av FUG og arbeider med \u00e5 rettleie og \u00e5 gi r\u00e5d til foreldre og skolar.\" \/>\n<meta name=\"robots\" content=\"index, follow, max-snippet:-1, max-image-preview:large, max-video-preview:-1\" \/>\n<link rel=\"canonical\" href=\"https:\/\/foreldreutvalgene.no\/fug\/ansatte\/\" \/>\n<meta property=\"og:locale\" content=\"nb_NO\" \/>\n<meta property=\"og:type\" content=\"article\" \/>\n<meta property=\"og:title\" content=\"Ansatte\" \/>\n<meta property=\"og:description\" content=\"Administrasjonen til FUG har ansvaret for den daglege drifta av FUG og arbeider med \u00e5 rettleie og \u00e5 gi r\u00e5d til foreldre og skolar.\" \/>\n<meta property=\"og:url\" content=\"https:\/\/foreldreutvalgene.no\/fug\/ansatte\/\" \/>\n<meta property=\"og:site_name\" content=\"Foreldreutvalget for grunnoppl\u00e6ringen\" \/>\n<meta property=\"article:modified_time\" content=\"2025-04-25T08:03:16+00:00\" \/>\n<meta name=\"twitter:card\" content=\"summary_large_image\" \/>\n<meta name=\"twitter:label1\" content=\"Ansl. lesetid\" \/>\n\t<meta name=\"twitter:data1\" content=\"1 minutt\" \/>\n<script type=\"application\/ld+json\" class=\"yoast-schema-graph\">{\"@context\":\"https:\\\/\\\/schema.org\",\"@graph\":[{\"@type\":\"WebPage\",\"@id\":\"https:\\\/\\\/foreldreutvalgene.no\\\/fug\\\/ansatte\\\/\",\"url\":\"https:\\\/\\\/foreldreutvalgene.no\\\/fug\\\/ansatte\\\/\",\"name\":\"Ansatte - Foreldreutvalget for grunnoppl\u00e6ringen\",\"isPartOf\":{\"@id\":\"https:\\\/\\\/foreldreutvalgene.no\\\/fug\\\/#website\"},\"datePublished\":\"2021-07-06T10:24:44+00:00\",\"dateModified\":\"2025-04-25T08:03:16+00:00\",\"description\":\"Administrasjonen til FUG har ansvaret for den daglege drifta av FUG og arbeider med \u00e5 rettleie og \u00e5 gi r\u00e5d til foreldre og skolar.\",\"breadcrumb\":{\"@id\":\"https:\\\/\\\/foreldreutvalgene.no\\\/fug\\\/ansatte\\\/#breadcrumb\"},\"inLanguage\":\"nb-NO\",\"potentialAction\":[{\"@type\":\"ReadAction\",\"target\":[\"https:\\\/\\\/foreldreutvalgene.no\\\/fug\\\/ansatte\\\/\"]}]},{\"@type\":\"BreadcrumbList\",\"@id\":\"https:\\\/\\\/foreldreutvalgene.no\\\/fug\\\/ansatte\\\/#breadcrumb\",\"itemListElement\":[{\"@type\":\"ListItem\",\"position\":1,\"name\":\"Home\",\"item\":\"https:\\\/\\\/foreldreutvalgene.no\\\/fug\\\/\"},{\"@type\":\"ListItem\",\"position\":2,\"name\":\"Ansatte\"}]},{\"@type\":\"WebSite\",\"@id\":\"https:\\\/\\\/foreldreutvalgene.no\\\/fug\\\/#website\",\"url\":\"https:\\\/\\\/foreldreutvalgene.no\\\/fug\\\/\",\"name\":\"Foreldreutvalget for grunnoppl\u00e6ringen\",\"description\":\"\",\"publisher\":{\"@id\":\"https:\\\/\\\/foreldreutvalgene.no\\\/fug\\\/#organization\"},\"potentialAction\":[{\"@type\":\"SearchAction\",\"target\":{\"@type\":\"EntryPoint\",\"urlTemplate\":\"https:\\\/\\\/foreldreutvalgene.no\\\/fug\\\/?s={search_term_string}\"},\"query-input\":{\"@type\":\"PropertyValueSpecification\",\"valueRequired\":true,\"valueName\":\"search_term_string\"}}],\"inLanguage\":\"nb-NO\"},{\"@type\":\"Organization\",\"@id\":\"https:\\\/\\\/foreldreutvalgene.no\\\/fug\\\/#organization\",\"name\":\"Foreldreutvalget for grunnoppl\u00e6ringen\",\"url\":\"https:\\\/\\\/foreldreutvalgene.no\\\/fug\\\/\",\"logo\":{\"@type\":\"ImageObject\",\"inLanguage\":\"nb-NO\",\"@id\":\"https:\\\/\\\/foreldreutvalgene.no\\\/fug\\\/#\\\/schema\\\/logo\\\/image\\\/\",\"url\":\"https:\\\/\\\/foreldreutvalgene.no\\\/fug\\\/wp-content\\\/uploads\\\/sites\\\/3\\\/2021\\\/06\\\/footer-logo-fug-outlined.svg\",\"contentUrl\":\"https:\\\/\\\/foreldreutvalgene.no\\\/fug\\\/wp-content\\\/uploads\\\/sites\\\/3\\\/2021\\\/06\\\/footer-logo-fug-outlined.svg\",\"width\":310,\"height\":73,\"caption\":\"Foreldreutvalget for grunnoppl\u00e6ringen\"},\"image\":{\"@id\":\"https:\\\/\\\/foreldreutvalgene.no\\\/fug\\\/#\\\/schema\\\/logo\\\/image\\\/\"}}]}<\/script>\n<!-- \/ Yoast SEO Premium plugin. -->","yoast_head_json":{"title":"Ansatte - Foreldreutvalget for grunnoppl\u00e6ringen","description":"Administrasjonen til FUG har ansvaret for den daglege drifta av FUG og arbeider med \u00e5 rettleie og \u00e5 gi r\u00e5d til foreldre og skolar.","robots":{"index":"index","follow":"follow","max-snippet":"max-snippet:-1","max-image-preview":"max-image-preview:large","max-video-preview":"max-video-preview:-1"},"canonical":"https:\/\/foreldreutvalgene.no\/fug\/ansatte\/","og_locale":"nb_NO","og_type":"article","og_title":"Ansatte","og_description":"Administrasjonen til FUG har ansvaret for den daglege drifta av FUG og arbeider med \u00e5 rettleie og \u00e5 gi r\u00e5d til foreldre og skolar.","og_url":"https:\/\/foreldreutvalgene.no\/fug\/ansatte\/","og_site_name":"Foreldreutvalget for grunnoppl\u00e6ringen","article_modified_time":"2025-04-25T08:03:16+00:00","twitter_card":"summary_large_image","twitter_misc":{"Ansl. lesetid":"1 minutt"},"schema":{"@context":"https:\/\/schema.org","@graph":[{"@type":"WebPage","@id":"https:\/\/foreldreutvalgene.no\/fug\/ansatte\/","url":"https:\/\/foreldreutvalgene.no\/fug\/ansatte\/","name":"Ansatte - Foreldreutvalget for grunnoppl\u00e6ringen","isPartOf":{"@id":"https:\/\/foreldreutvalgene.no\/fug\/#website"},"datePublished":"2021-07-06T10:24:44+00:00","dateModified":"2025-04-25T08:03:16+00:00","description":"Administrasjonen til FUG har ansvaret for den daglege drifta av FUG og arbeider med \u00e5 rettleie og \u00e5 gi r\u00e5d til foreldre og skolar.","breadcrumb":{"@id":"https:\/\/foreldreutvalgene.no\/fug\/ansatte\/#breadcrumb"},"inLanguage":"nb-NO","potentialAction":[{"@type":"ReadAction","target":["https:\/\/foreldreutvalgene.no\/fug\/ansatte\/"]}]},{"@type":"BreadcrumbList","@id":"https:\/\/foreldreutvalgene.no\/fug\/ansatte\/#breadcrumb","itemListElement":[{"@type":"ListItem","position":1,"name":"Home","item":"https:\/\/foreldreutvalgene.no\/fug\/"},{"@type":"ListItem","position":2,"name":"Ansatte"}]},{"@type":"WebSite","@id":"https:\/\/foreldreutvalgene.no\/fug\/#website","url":"https:\/\/foreldreutvalgene.no\/fug\/","name":"Foreldreutvalget for grunnoppl\u00e6ringen","description":"","publisher":{"@id":"https:\/\/foreldreutvalgene.no\/fug\/#organization"},"potentialAction":[{"@type":"SearchAction","target":{"@type":"EntryPoint","urlTemplate":"https:\/\/foreldreutvalgene.no\/fug\/?s={search_term_string}"},"query-input":{"@type":"PropertyValueSpecification","valueRequired":true,"valueName":"search_term_string"}}],"inLanguage":"nb-NO"},{"@type":"Organization","@id":"https:\/\/foreldreutvalgene.no\/fug\/#organization","name":"Foreldreutvalget for grunnoppl\u00e6ringen","url":"https:\/\/foreldreutvalgene.no\/fug\/","logo":{"@type":"ImageObject","inLanguage":"nb-NO","@id":"https:\/\/foreldreutvalgene.no\/fug\/#\/schema\/logo\/image\/","url":"https:\/\/foreldreutvalgene.no\/fug\/wp-content\/uploads\/sites\/3\/2021\/06\/footer-logo-fug-outlined.svg","contentUrl":"https:\/\/foreldreutvalgene.no\/fug\/wp-content\/uploads\/sites\/3\/2021\/06\/footer-logo-fug-outlined.svg","width":310,"height":73,"caption":"Foreldreutvalget for grunnoppl\u00e6ringen"},"image":{"@id":"https:\/\/foreldreutvalgene.no\/fug\/#\/schema\/logo\/image\/"}}]}},"_links":{"self":[{"href":"https:\/\/foreldreutvalgene.no\/fug\/wp-json\/wp\/v2\/pages\/855","targetHints":{"allow":["GET"]}}],"collection":[{"href":"https:\/\/foreldreutvalgene.no\/fug\/wp-json\/wp\/v2\/pages"}],"about":[{"href":"https:\/\/foreldreutvalgene.no\/fug\/wp-json\/wp\/v2\/types\/page"}],"author":[{"embeddable":true,"href":"https:\/\/foreldreutvalgene.no\/fug\/wp-json\/wp\/v2\/users\/3"}],"replies":[{"embeddable":true,"href":"https:\/\/foreldreutvalgene.no\/fug\/wp-json\/wp\/v2\/comments?post=855"}],"version-history":[{"count":34,"href":"https:\/\/foreldreutvalgene.no\/fug\/wp-json\/wp\/v2\/pages\/855\/revisions"}],"predecessor-version":[{"id":11127,"href":"https:\/\/foreldreutvalgene.no\/fug\/wp-json\/wp\/v2\/pages\/855\/revisions\/11127"}],"wp:attachment":[{"href":"https:\/\/foreldreutvalgene.no\/fug\/wp-json\/wp\/v2\/media?parent=855"}],"curies":[{"name":"wp","href":"https:\/\/api.w.org\/{rel}","templated":true}]}}