{"id":815,"date":"2021-07-06T10:58:16","date_gmt":"2021-07-06T08:58:16","guid":{"rendered":"https:\/\/foreldreutvalgene.no\/fug\/?page_id=815"},"modified":"2025-06-17T13:04:50","modified_gmt":"2025-06-17T11:04:50","slug":"utvalgsmedlemmene","status":"publish","type":"page","link":"https:\/\/foreldreutvalgene.no\/fug\/utvalgsmedlemmene\/","title":{"rendered":"Utvalsmedlemmene"},"content":{"rendered":"\n<div style=\"height:34px\" aria-hidden=\"true\" class=\"wp-block-spacer\"><\/div>\n\n\n\n<div class=\"wp-block-columns has-skin-color has-text-color is-layout-flex wp-container-core-columns-is-layout-9d6595d7 wp-block-columns-is-layout-flex\">\n<div class=\"wp-block-column is-layout-flow wp-block-column-is-layout-flow\">\n<h1 class=\"wp-block-heading has-blue-color has-text-color\" id=\"h-utvalet\">Utvalet<\/h1>\n\n\n\n<p class=\"has-black-color has-text-color has-large-font-size\"><strong>Her finn du namnet p\u00e5 dei ni foreldra som representerer FUG i perioden 2024-2027. Utvalet vert sett saman av Kunnskapsdepartementet i november 2023.<\/strong><\/p>\n\n\n\n<p class=\"has-black-color has-text-color\">Utvalet til FUG best\u00e5r av ni medlemmer som kjem fr\u00e5 ulike delar av landet. Felles for alle er at dei har barn i skolen, og bakgrunn som aktive foreldrerepresentantar p\u00e5 skolen. Utvalet sitt i fire \u00e5r.<\/p>\n\n\n\n<p class=\"has-black-color has-text-color\"><\/p>\n\n\n\n<p class=\"has-blue-color has-text-color\"><a href=\"https:\/\/foreldreutvalgene.no\/fug\/kontakt-oss\/\" data-type=\"page\" data-id=\"736\">Kontakt oss<\/a><\/p>\n<\/div>\n\n\n\n<div class=\"wp-block-column is-layout-flow wp-block-column-is-layout-flow\"><\/div>\n<\/div>\n\n\n\n<section id=\"employees-block_7e9bbe52d4c5b80c94d1628fe3fee251\" class=\"byggemodul employees\">\n  <!-- CONTENT HERE -->\n\n      <header class=\"sp-header-section\">\n      <div class=\"sp-header-section-container\">\n\t\t\t\t<div class=\"sp-header-section-bg\"><\/div>\n        <div class=\"inner-wrap\">\n          <div class=\"sp-header-section-content\">\n            <h3 class=\"sp-section-title\" class=\"sp-section-title\" id=\"medlemmene\">Medlemmene<\/h3>\n\n                          <p>perioden 2024-2027<\/p>\n            \n                      <\/div>\n        <\/div>\n      <\/div>\n    <\/header>\n  \n  \n    <div class=\"sp-employee-container\">\n\n              <article class=\"sp-employee fake-article\"><\/article>\n      \n      \n        <article class=\"sp-employee\">\n          <div class=\"sp-employee-image\" style=\"background-image: url(https:\/\/foreldreutvalgene.no\/fug\/wp-content\/uploads\/sites\/3\/2024\/01\/DSC_3574-496x620.jpg);\"><\/div>\n\n          <h3 id=\"stale-sand-kalkvik\">St\u00e5le Sand Kalkvik<\/h3>\n\n          <p class=\"sp-employee-description\">\n                          <span class=\"employee-title\">Leiar<\/span>\n            \n            \n                      <\/p>\n\n          \n          \n                      <p class=\"sp-employee-arhive-link\"><a href=\"https:\/\/foreldreutvalgene.no\/fug\/medlemmene\/#stale-sand-kalkvik\">Bli kjent med St\u00e5le<\/a><\/p>\n                  <\/article>\n\n        \n        <article class=\"sp-employee\">\n          <div class=\"sp-employee-image\" style=\"background-image: url(https:\/\/foreldreutvalgene.no\/fug\/wp-content\/uploads\/sites\/3\/2024\/01\/DSC_3608-496x620.jpg);\"><\/div>\n\n          <h3 id=\"johanne-marie-olaussen\">Johanne Marie Olaussen<\/h3>\n\n          <p class=\"sp-employee-description\">\n                          <span class=\"employee-title\">Nestleiar<\/span>\n            \n            \n                      <\/p>\n\n          \n          \n                      <p class=\"sp-employee-arhive-link\"><a href=\"https:\/\/foreldreutvalgene.no\/fug\/medlemmene\/#johanne-marie-olaussen\">Bli kjent med Johanne Marie <\/a><\/p>\n                  <\/article>\n\n        \n        <article class=\"sp-employee\">\n          <div class=\"sp-employee-image\" style=\"background-image: url(https:\/\/foreldreutvalgene.no\/fug\/wp-content\/uploads\/sites\/3\/2024\/01\/DSC_3568-496x620.jpg);\"><\/div>\n\n          <h3 id=\"alf-harald-aronsen\">Alf Harald Aronsen<\/h3>\n\n          <p class=\"sp-employee-description\">\n            \n            \n                      <\/p>\n\n          \n          \n                      <p class=\"sp-employee-arhive-link\"><a href=\"https:\/\/foreldreutvalgene.no\/fug\/medlemmene\/#alf-harald-aronsen\">Bli kjent med Alf Harald<\/a><\/p>\n                  <\/article>\n\n        \n        <article class=\"sp-employee\">\n          <div class=\"sp-employee-image\" style=\"background-image: url(https:\/\/foreldreutvalgene.no\/fug\/wp-content\/uploads\/sites\/3\/2024\/01\/DSC_3531-496x620.jpg);\"><\/div>\n\n          <h3 id=\"christopher-sandal-donne\">Christopher Sandal Donn\u00e9<\/h3>\n\n          <p class=\"sp-employee-description\">\n            \n            \n                      <\/p>\n\n          \n          \n                      <p class=\"sp-employee-arhive-link\"><a href=\"https:\/\/foreldreutvalgene.no\/fug\/medlemmene\/#christopher-sandal-donne\">Bli kjent med Christopher <\/a><\/p>\n                  <\/article>\n\n        \n        <article class=\"sp-employee\">\n          <div class=\"sp-employee-image\" style=\"background-image: url(https:\/\/foreldreutvalgene.no\/fug\/wp-content\/uploads\/sites\/3\/2024\/01\/DSC_3512-496x620.jpg);\"><\/div>\n\n          <h3 id=\"jeanette-trondsdatter-guttormsen\">Jeanette Trondsdatter Guttormsen<\/h3>\n\n          <p class=\"sp-employee-description\">\n            \n            \n                      <\/p>\n\n          \n          \n                      <p class=\"sp-employee-arhive-link\"><a href=\"https:\/\/foreldreutvalgene.no\/fug\/medlemmene\/#jeanette-trondsdotter-guttormsen\">Bli kjent med Jeanette <\/a><\/p>\n                  <\/article>\n\n        \n        <article class=\"sp-employee\">\n          <div class=\"sp-employee-image\" style=\"background-image: url(https:\/\/foreldreutvalgene.no\/fug\/wp-content\/uploads\/sites\/3\/2024\/01\/DSC_3617-496x620.jpg);\"><\/div>\n\n          <h3 id=\"attia-mirza-mehmood\">Attia Mirza Mehmood<\/h3>\n\n          <p class=\"sp-employee-description\">\n            \n            \n                      <\/p>\n\n          \n          \n                      <p class=\"sp-employee-arhive-link\"><a href=\"https:\/\/foreldreutvalgene.no\/fug\/medlemmene\/#attia-mirza-mehmood\">Bli kjent med Attia Mirza <\/a><\/p>\n                  <\/article>\n\n        \n        <article class=\"sp-employee\">\n          <div class=\"sp-employee-image\" style=\"background-image: url(https:\/\/foreldreutvalgene.no\/fug\/wp-content\/uploads\/sites\/3\/2024\/01\/DSC_3540-496x620.jpg);\"><\/div>\n\n          <h3 id=\"lill-therese-varsi\">Lill-Therese Varsi<\/h3>\n\n          <p class=\"sp-employee-description\">\n            \n            \n                      <\/p>\n\n          \n          \n                      <p class=\"sp-employee-arhive-link\"><a href=\"https:\/\/foreldreutvalgene.no\/fug\/medlemmene\/#lill-therese-varsi\">Bli kjent med Lill-Therese<\/a><\/p>\n                  <\/article>\n\n        \n        <article class=\"sp-employee\">\n          <div class=\"sp-employee-image\" style=\"background-image: url(https:\/\/foreldreutvalgene.no\/fug\/wp-content\/uploads\/sites\/3\/2024\/01\/DSC_3585-496x620.jpg);\"><\/div>\n\n          <h3 id=\"yngve-soderholm-nodland\">Yngve S\u00f8derholm-Nodland<\/h3>\n\n          <p class=\"sp-employee-description\">\n                          <span class=\"employee-title\">Varamedlem<\/span>\n            \n            \n                      <\/p>\n\n          \n          \n                      <p class=\"sp-employee-arhive-link\"><a href=\"https:\/\/foreldreutvalgene.no\/fug\/medlemmene\/#yngve-soderholm-nodland\">Bli kjent med Yngve <\/a><\/p>\n                  <\/article>\n\n        \n        <article class=\"sp-employee\">\n          <div class=\"sp-employee-image\" style=\"background-image: url(https:\/\/foreldreutvalgene.no\/fug\/wp-content\/uploads\/sites\/3\/2024\/01\/DSC_3556-496x620.jpg);\"><\/div>\n\n          <h3 id=\"elisabeth-teige\">Elisabeth Teige<\/h3>\n\n          <p class=\"sp-employee-description\">\n                          <span class=\"employee-title\">Varamedlem<\/span>\n            \n            \n                      <\/p>\n\n          \n          \n                      <p class=\"sp-employee-arhive-link\"><a href=\"https:\/\/foreldreutvalgene.no\/fug\/medlemmene\/#elisabeth-teige\">Bli kjent med Elisabeth <\/a><\/p>\n                  <\/article>\n\n        \n    <\/div>\n\n    <\/section>\n","protected":false},"excerpt":{"rendered":"<p>Utvalet Her finn du namnet p\u00e5 dei ni foreldra som representerer FUG i perioden 2024-2027. Utvalet vert sett saman av Kunnskapsdepartementet i november 2023. Utvalet til FUG best\u00e5r av ni medlemmer som kjem fr\u00e5 ulike delar av landet. Felles for alle er at dei har barn i skolen, og bakgrunn som aktive foreldrerepresentantar p\u00e5 skolen. [&hellip;]<\/p>\n","protected":false},"author":3,"featured_media":0,"parent":0,"menu_order":0,"comment_status":"closed","ping_status":"closed","template":"","meta":{"_acf_changed":false,"footnotes":""},"class_list":["post-815","page","type-page","status-publish","hentry"],"acf":[],"yoast_head":"<!-- This site is optimized with the Yoast SEO Premium plugin v26.8 (Yoast SEO v26.8) - https:\/\/yoast.com\/product\/yoast-seo-premium-wordpress\/ -->\n<title>Utvalsmedlemmene - Foreldreutvalget for grunnoppl\u00e6ringen<\/title>\n<meta name=\"description\" content=\"Utvalet til FUG best\u00e5r av ni medlemmer som kjem fr\u00e5 ulike delar av landet. Felles for alle er at dei har barn i skolen, og bakgrunn fr\u00e5 FAU.\" \/>\n<meta name=\"robots\" content=\"index, follow, max-snippet:-1, max-image-preview:large, max-video-preview:-1\" \/>\n<link rel=\"canonical\" href=\"https:\/\/foreldreutvalgene.no\/fug\/utvalgsmedlemmene\/\" \/>\n<meta property=\"og:locale\" content=\"nb_NO\" \/>\n<meta property=\"og:type\" content=\"article\" \/>\n<meta property=\"og:title\" content=\"Utvalsmedlemmene\" \/>\n<meta property=\"og:description\" content=\"Utvalet til FUG best\u00e5r av ni medlemmer som kjem fr\u00e5 ulike delar av landet. Felles for alle er at dei har barn i skolen, og bakgrunn fr\u00e5 FAU.\" \/>\n<meta property=\"og:url\" content=\"https:\/\/foreldreutvalgene.no\/fug\/utvalgsmedlemmene\/\" \/>\n<meta property=\"og:site_name\" content=\"Foreldreutvalget for grunnoppl\u00e6ringen\" \/>\n<meta property=\"article:modified_time\" content=\"2025-06-17T11:04:50+00:00\" \/>\n<meta name=\"twitter:card\" content=\"summary_large_image\" \/>\n<meta name=\"twitter:label1\" content=\"Ansl. lesetid\" \/>\n\t<meta name=\"twitter:data1\" content=\"1 minutt\" \/>\n<script type=\"application\/ld+json\" class=\"yoast-schema-graph\">{\"@context\":\"https:\/\/schema.org\",\"@graph\":[{\"@type\":\"WebPage\",\"@id\":\"https:\/\/foreldreutvalgene.no\/fug\/utvalgsmedlemmene\/\",\"url\":\"https:\/\/foreldreutvalgene.no\/fug\/utvalgsmedlemmene\/\",\"name\":\"Utvalsmedlemmene - Foreldreutvalget for grunnoppl\u00e6ringen\",\"isPartOf\":{\"@id\":\"https:\/\/foreldreutvalgene.no\/fug\/#website\"},\"datePublished\":\"2021-07-06T08:58:16+00:00\",\"dateModified\":\"2025-06-17T11:04:50+00:00\",\"description\":\"Utvalet til FUG best\u00e5r av ni medlemmer som kjem fr\u00e5 ulike delar av landet. Felles for alle er at dei har barn i skolen, og bakgrunn fr\u00e5 FAU.\",\"breadcrumb\":{\"@id\":\"https:\/\/foreldreutvalgene.no\/fug\/utvalgsmedlemmene\/#breadcrumb\"},\"inLanguage\":\"nb-NO\",\"potentialAction\":[{\"@type\":\"ReadAction\",\"target\":[\"https:\/\/foreldreutvalgene.no\/fug\/utvalgsmedlemmene\/\"]}]},{\"@type\":\"BreadcrumbList\",\"@id\":\"https:\/\/foreldreutvalgene.no\/fug\/utvalgsmedlemmene\/#breadcrumb\",\"itemListElement\":[{\"@type\":\"ListItem\",\"position\":1,\"name\":\"Home\",\"item\":\"https:\/\/foreldreutvalgene.no\/fug\/\"},{\"@type\":\"ListItem\",\"position\":2,\"name\":\"Utvalsmedlemmene\"}]},{\"@type\":\"WebSite\",\"@id\":\"https:\/\/foreldreutvalgene.no\/fug\/#website\",\"url\":\"https:\/\/foreldreutvalgene.no\/fug\/\",\"name\":\"Foreldreutvalget for grunnoppl\u00e6ringen\",\"description\":\"\",\"publisher\":{\"@id\":\"https:\/\/foreldreutvalgene.no\/fug\/#organization\"},\"potentialAction\":[{\"@type\":\"SearchAction\",\"target\":{\"@type\":\"EntryPoint\",\"urlTemplate\":\"https:\/\/foreldreutvalgene.no\/fug\/?s={search_term_string}\"},\"query-input\":{\"@type\":\"PropertyValueSpecification\",\"valueRequired\":true,\"valueName\":\"search_term_string\"}}],\"inLanguage\":\"nb-NO\"},{\"@type\":\"Organization\",\"@id\":\"https:\/\/foreldreutvalgene.no\/fug\/#organization\",\"name\":\"Foreldreutvalget for grunnoppl\u00e6ringen\",\"url\":\"https:\/\/foreldreutvalgene.no\/fug\/\",\"logo\":{\"@type\":\"ImageObject\",\"inLanguage\":\"nb-NO\",\"@id\":\"https:\/\/foreldreutvalgene.no\/fug\/#\/schema\/logo\/image\/\",\"url\":\"https:\/\/foreldreutvalgene.no\/fug\/wp-content\/uploads\/sites\/3\/2021\/06\/footer-logo-fug-outlined.svg\",\"contentUrl\":\"https:\/\/foreldreutvalgene.no\/fug\/wp-content\/uploads\/sites\/3\/2021\/06\/footer-logo-fug-outlined.svg\",\"width\":310,\"height\":73,\"caption\":\"Foreldreutvalget for grunnoppl\u00e6ringen\"},\"image\":{\"@id\":\"https:\/\/foreldreutvalgene.no\/fug\/#\/schema\/logo\/image\/\"}}]}<\/script>\n<!-- \/ Yoast SEO Premium plugin. -->","yoast_head_json":{"title":"Utvalsmedlemmene - Foreldreutvalget for grunnoppl\u00e6ringen","description":"Utvalet til FUG best\u00e5r av ni medlemmer som kjem fr\u00e5 ulike delar av landet. Felles for alle er at dei har barn i skolen, og bakgrunn fr\u00e5 FAU.","robots":{"index":"index","follow":"follow","max-snippet":"max-snippet:-1","max-image-preview":"max-image-preview:large","max-video-preview":"max-video-preview:-1"},"canonical":"https:\/\/foreldreutvalgene.no\/fug\/utvalgsmedlemmene\/","og_locale":"nb_NO","og_type":"article","og_title":"Utvalsmedlemmene","og_description":"Utvalet til FUG best\u00e5r av ni medlemmer som kjem fr\u00e5 ulike delar av landet. Felles for alle er at dei har barn i skolen, og bakgrunn fr\u00e5 FAU.","og_url":"https:\/\/foreldreutvalgene.no\/fug\/utvalgsmedlemmene\/","og_site_name":"Foreldreutvalget for grunnoppl\u00e6ringen","article_modified_time":"2025-06-17T11:04:50+00:00","twitter_card":"summary_large_image","twitter_misc":{"Ansl. lesetid":"1 minutt"},"schema":{"@context":"https:\/\/schema.org","@graph":[{"@type":"WebPage","@id":"https:\/\/foreldreutvalgene.no\/fug\/utvalgsmedlemmene\/","url":"https:\/\/foreldreutvalgene.no\/fug\/utvalgsmedlemmene\/","name":"Utvalsmedlemmene - Foreldreutvalget for grunnoppl\u00e6ringen","isPartOf":{"@id":"https:\/\/foreldreutvalgene.no\/fug\/#website"},"datePublished":"2021-07-06T08:58:16+00:00","dateModified":"2025-06-17T11:04:50+00:00","description":"Utvalet til FUG best\u00e5r av ni medlemmer som kjem fr\u00e5 ulike delar av landet. Felles for alle er at dei har barn i skolen, og bakgrunn fr\u00e5 FAU.","breadcrumb":{"@id":"https:\/\/foreldreutvalgene.no\/fug\/utvalgsmedlemmene\/#breadcrumb"},"inLanguage":"nb-NO","potentialAction":[{"@type":"ReadAction","target":["https:\/\/foreldreutvalgene.no\/fug\/utvalgsmedlemmene\/"]}]},{"@type":"BreadcrumbList","@id":"https:\/\/foreldreutvalgene.no\/fug\/utvalgsmedlemmene\/#breadcrumb","itemListElement":[{"@type":"ListItem","position":1,"name":"Home","item":"https:\/\/foreldreutvalgene.no\/fug\/"},{"@type":"ListItem","position":2,"name":"Utvalsmedlemmene"}]},{"@type":"WebSite","@id":"https:\/\/foreldreutvalgene.no\/fug\/#website","url":"https:\/\/foreldreutvalgene.no\/fug\/","name":"Foreldreutvalget for grunnoppl\u00e6ringen","description":"","publisher":{"@id":"https:\/\/foreldreutvalgene.no\/fug\/#organization"},"potentialAction":[{"@type":"SearchAction","target":{"@type":"EntryPoint","urlTemplate":"https:\/\/foreldreutvalgene.no\/fug\/?s={search_term_string}"},"query-input":{"@type":"PropertyValueSpecification","valueRequired":true,"valueName":"search_term_string"}}],"inLanguage":"nb-NO"},{"@type":"Organization","@id":"https:\/\/foreldreutvalgene.no\/fug\/#organization","name":"Foreldreutvalget for grunnoppl\u00e6ringen","url":"https:\/\/foreldreutvalgene.no\/fug\/","logo":{"@type":"ImageObject","inLanguage":"nb-NO","@id":"https:\/\/foreldreutvalgene.no\/fug\/#\/schema\/logo\/image\/","url":"https:\/\/foreldreutvalgene.no\/fug\/wp-content\/uploads\/sites\/3\/2021\/06\/footer-logo-fug-outlined.svg","contentUrl":"https:\/\/foreldreutvalgene.no\/fug\/wp-content\/uploads\/sites\/3\/2021\/06\/footer-logo-fug-outlined.svg","width":310,"height":73,"caption":"Foreldreutvalget for grunnoppl\u00e6ringen"},"image":{"@id":"https:\/\/foreldreutvalgene.no\/fug\/#\/schema\/logo\/image\/"}}]}},"_links":{"self":[{"href":"https:\/\/foreldreutvalgene.no\/fug\/wp-json\/wp\/v2\/pages\/815","targetHints":{"allow":["GET"]}}],"collection":[{"href":"https:\/\/foreldreutvalgene.no\/fug\/wp-json\/wp\/v2\/pages"}],"about":[{"href":"https:\/\/foreldreutvalgene.no\/fug\/wp-json\/wp\/v2\/types\/page"}],"author":[{"embeddable":true,"href":"https:\/\/foreldreutvalgene.no\/fug\/wp-json\/wp\/v2\/users\/3"}],"replies":[{"embeddable":true,"href":"https:\/\/foreldreutvalgene.no\/fug\/wp-json\/wp\/v2\/comments?post=815"}],"version-history":[{"count":59,"href":"https:\/\/foreldreutvalgene.no\/fug\/wp-json\/wp\/v2\/pages\/815\/revisions"}],"predecessor-version":[{"id":10601,"href":"https:\/\/foreldreutvalgene.no\/fug\/wp-json\/wp\/v2\/pages\/815\/revisions\/10601"}],"wp:attachment":[{"href":"https:\/\/foreldreutvalgene.no\/fug\/wp-json\/wp\/v2\/media?parent=815"}],"curies":[{"name":"wp","href":"https:\/\/api.w.org\/{rel}","templated":true}]}}